{"id":446,"date":"2024-12-05T09:15:30","date_gmt":"2024-12-05T09:15:30","guid":{"rendered":"https:\/\/www.enrail.de\/?page_id=446"},"modified":"2025-01-27T09:15:05","modified_gmt":"2025-01-27T09:15:05","slug":"impressum","status":"publish","type":"page","link":"https:\/\/www.enrail.eu\/en\/impressum\/","title":{"rendered":"Impressum"},"content":{"rendered":"<p>[et_pb_section fb_built=&#8220;1&#8243; _builder_version=&#8220;4.27.0&#8243; _module_preset=&#8220;default&#8220; custom_padding=&#8220;140px||||false|false&#8220; animation_style=&#8220;slide&#8220; animation_direction=&#8220;right&#8220; animation_intensity_slide=&#8220;3%&#8220; global_colors_info=&#8220;{}&#8220;][et_pb_row use_custom_gutter=&#8220;on&#8220; gutter_width=&#8220;2&#8243; _builder_version=&#8220;4.27.0&#8243; _module_preset=&#8220;default&#8220; width=&#8220;85%&#8220; max_width=&#8220;1440px&#8220; animation_direction=&#8220;right&#8220; global_colors_info=&#8220;{}&#8220;][et_pb_column type=&#8220;4_4&#8243; _builder_version=&#8220;4.27.0&#8243; _module_preset=&#8220;default&#8220; global_colors_info=&#8220;{}&#8220;][et_pb_text _builder_version=&#8220;4.27.0&#8243; _module_preset=&#8220;default&#8220; header_font=&#8220;Inter||||||||&#8220; header_font_size=&#8220;65px&#8220; header_3_text_color=&#8220;#3D7652&#8243; header_3_line_height=&#8220;1.4em&#8220; global_colors_info=&#8220;{}&#8220;]<\/p>\n<h1>Impressum<\/h1>\n<p>[\/et_pb_text][\/et_pb_column][\/et_pb_row][et_pb_row use_custom_gutter=&#8220;on&#8220; gutter_width=&#8220;2&#8243; _builder_version=&#8220;4.27.0&#8243; _module_preset=&#8220;default&#8220; width=&#8220;85%&#8220; max_width=&#8220;1440px&#8220; animation_direction=&#8220;right&#8220; global_colors_info=&#8220;{}&#8220;][et_pb_column type=&#8220;4_4&#8243; _builder_version=&#8220;4.27.0&#8243; _module_preset=&#8220;default&#8220; global_colors_info=&#8220;{}&#8220;][et_pb_text _builder_version=&#8220;4.27.0&#8243; _module_preset=&#8220;default&#8220; text_font=&#8220;|300|||||||&#8220; text_text_color=&#8220;#000000&#8243; ul_line_height=&#8220;1.5em&#8220; width=&#8220;80%&#8220; global_colors_info=&#8220;{}&#8220;]<\/p>\n<div class=\"impressum-text\">\n<p><strong>ENRAIL GmbH<\/strong><\/p>\n<p><strong><\/strong><\/p>\n<ul>\n<li>UID Nummer:ATU66297937<\/li>\n<li>Firmenbuchnummer: FN 359697 t<\/li>\n<li>Firmenbuchgericht: Handelsgericht Wien<\/li>\n<li>Firmenhauptsitz: Dorotheergasse 24\/8, 1010 Wien<\/li>\n<li>Kontakt: <a href=\"mailto:office@enrail.eu\">office@enrail.eu<\/a><\/li>\n<\/ul>\n<p>&nbsp;<\/p>\n<ul>\n<li><span class=\"HwtZe\" jsaction=\"mouseup:Sxi9L,BR6jm; mousedown:qjlr0e\" jsname=\"jqKxS\" lang=\"de\"><span jsaction=\"agoMJf:PFBcW;MZfLnc:P7O7bd;nt4Alf:pvnm0e,pfE8Hb,PFBcW;B01qod:dJXsye;H1e5u:iXtTIf;lYIUJf:hij5Wb\" jsname=\"txFAF\" class=\"jCAhz ChMk0b\" jscontroller=\"BiTO4b\"><span class=\"ryNqvb\" jsname=\"W297wb\" jsaction=\"click:PDNqTc,GFf3ac,qlVvte;contextmenu:Nqw7Te,QP7LD; mouseout:Nqw7Te; mouseover:PDNqTc,c2aHje\">Mitglied der Wirtschaftskammer \u00d6sterreich (WKO: <a href=\"http:\/\/www.wko.at)\">www.wko.at) <\/a><\/span><\/span><\/span><\/li>\n<li><span class=\"HwtZe\" jsaction=\"mouseup:Sxi9L,BR6jm; mousedown:qjlr0e\" jsname=\"jqKxS\" lang=\"de\"><span jsaction=\"agoMJf:PFBcW;MZfLnc:P7O7bd;nt4Alf:pvnm0e,pfE8Hb,PFBcW;B01qod:dJXsye;H1e5u:iXtTIf;lYIUJf:hij5Wb\" jsname=\"txFAF\" class=\"jCAhz ChMk0b\" jscontroller=\"BiTO4b\"><span class=\"ryNqvb\" jsname=\"W297wb\" jsaction=\"click:PDNqTc,GFf3ac,qlVvte;contextmenu:Nqw7Te,QP7LD; mouseout:Nqw7Te; mouseover:PDNqTc,c2aHje\">Gewerbeordnung: <a href=\"http:\/\/www.ris.bka.gv.at\">www.ris.bka.gv.at<\/a> <\/span><\/span><\/span><\/li>\n<li><span class=\"HwtZe\" jsaction=\"mouseup:Sxi9L,BR6jm; mousedown:qjlr0e\" jsname=\"jqKxS\" lang=\"de\"><span jsaction=\"agoMJf:PFBcW;MZfLnc:P7O7bd;nt4Alf:pvnm0e,pfE8Hb,PFBcW;B01qod:dJXsye;H1e5u:iXtTIf;lYIUJf:hij5Wb\" jsname=\"txFAF\" class=\"jCAhz ChMk0b\" jscontroller=\"BiTO4b\"><span class=\"ryNqvb\" jsname=\"W297wb\" jsaction=\"click:PDNqTc,GFf3ac,qlVvte;contextmenu:Nqw7Te,QP7LD; mouseout:Nqw7Te; mouseover:PDNqTc,c2aHje\">Gewerbebeh\u00f6rde: Magistratische Bezirks\u00e4mter, Wien<\/span><\/span><\/span><\/li>\n<\/ul>\n<\/div>\n<p>[\/et_pb_text][\/et_pb_column][\/et_pb_row][\/et_pb_section][et_pb_section fb_built=&#8220;1&#8243; _builder_version=&#8220;4.27.0&#8243; _module_preset=&#8220;default&#8220; background_color=&#8220;#3D7652&#8243; custom_padding=&#8220;80px||80px||false|false&#8220; global_colors_info=&#8220;{}&#8220;][et_pb_row column_structure=&#8220;1_2,1_2&#8243; use_custom_gutter=&#8220;on&#8220; gutter_width=&#8220;2&#8243; _builder_version=&#8220;4.27.0&#8243; _module_preset=&#8220;default&#8220; max_width=&#8220;1440px&#8220; global_colors_info=&#8220;{}&#8220;][et_pb_column type=&#8220;1_2&#8243; _builder_version=&#8220;4.27.0&#8243; _module_preset=&#8220;default&#8220; global_colors_info=&#8220;{}&#8220;][et_pb_text _builder_version=&#8220;4.27.0&#8243; _module_preset=&#8220;default&#8220; background_layout=&#8220;dark&#8220; global_colors_info=&#8220;{}&#8220;]<\/p>\n<p><strong>Folgen Sie Uns Online<\/strong><\/p>\n<p>[\/et_pb_text][\/et_pb_column][et_pb_column type=&#8220;1_2&#8243; _builder_version=&#8220;4.27.0&#8243; _module_preset=&#8220;default&#8220; global_colors_info=&#8220;{}&#8220;][et_pb_text _builder_version=&#8220;4.27.0&#8243; _module_preset=&#8220;default&#8220; background_layout=&#8220;dark&#8220; global_colors_info=&#8220;{}&#8220;]<\/p>\n<p><span style=\"text-decoration: underline;\"><span style=\"color: #ffffff; text-decoration: underline;\"><a href=\"https:\/\/www.linkedin.com\/company\/enrail\/\" target=\"_blank\" rel=\"noopener\" style=\"color: #ffffff; text-decoration: underline;\">ENRAIL auf LinkedIn<\/a><\/span><\/span><\/p>\n<p>[\/et_pb_text][\/et_pb_column][\/et_pb_row][\/et_pb_section][et_pb_section fb_built=&#8220;1&#8243; _builder_version=&#8220;4.27.0&#8243; _module_preset=&#8220;default&#8220; custom_padding=&#8220;||10px||false|false&#8220; global_module=&#8220;451&#8243; saved_tabs=&#8220;all&#8220; global_colors_info=&#8220;{}&#8220;][et_pb_row column_structure=&#8220;1_2,1_2&#8243; use_custom_gutter=&#8220;on&#8220; gutter_width=&#8220;2&#8243; _builder_version=&#8220;4.27.0&#8243; _module_preset=&#8220;default&#8220; max_width=&#8220;1440px&#8220; global_colors_info=&#8220;{}&#8220;][et_pb_column type=&#8220;1_2&#8243; _builder_version=&#8220;4.27.0&#8243; _module_preset=&#8220;default&#8220; global_colors_info=&#8220;{}&#8220;][et_pb_image src=&#8220;https:\/\/www.enrail.de\/wp-content\/uploads\/2024\/09\/Enrail-Logo-ohne-Schriftzug-small.png&#8220; title_text=&#8220;Enrail-Logo-ohne-Schriftzug-small&#8220; _builder_version=&#8220;4.27.0&#8243; _module_preset=&#8220;default&#8220; max_width=&#8220;150px&#8220; global_colors_info=&#8220;{}&#8220;][\/et_pb_image][\/et_pb_column][et_pb_column type=&#8220;1_2&#8243; _builder_version=&#8220;4.27.0&#8243; _module_preset=&#8220;default&#8220; global_colors_info=&#8220;{}&#8220;][et_pb_text _builder_version=&#8220;4.27.0&#8243; _module_preset=&#8220;default&#8220; text_font=&#8220;Oswald||||||||&#8220; global_colors_info=&#8220;{}&#8220;]<\/p>\n<p>PASSION FOR ENERGY<\/p>\n<p>[\/et_pb_text][\/et_pb_column][\/et_pb_row][et_pb_row column_structure=&#8220;1_2,1_6,1_6,1_6&#8243; use_custom_gutter=&#8220;on&#8220; gutter_width=&#8220;2&#8243; _builder_version=&#8220;4.27.0&#8243; _module_preset=&#8220;default&#8220; max_width=&#8220;1440px&#8220; custom_padding=&#8220;||60px||false|false&#8220; global_colors_info=&#8220;{}&#8220;][et_pb_column type=&#8220;1_2&#8243; _builder_version=&#8220;4.27.0&#8243; _module_preset=&#8220;default&#8220; global_colors_info=&#8220;{}&#8220;][et_pb_text _builder_version=&#8220;4.27.0&#8243; _module_preset=&#8220;default&#8220; text_font_size=&#8220;16px&#8220; text_line_height=&#8220;1.8em&#8220; global_colors_info=&#8220;{}&#8220;]<\/p>\n<p><strong>Kontaktieren Sie Uns<\/strong><br \/><a href=\"mailto:office@enrail.eu\"><span style=\"text-decoration: underline;\">office@enrail.eu<\/span><\/a><br \/><a href=\"https:\/\/www.linkedin.com\/company\/enrail\/\" target=\"_blank\" rel=\"noopener\"><span style=\"text-decoration: underline;\">LinkedIn<\/span><\/a><\/p>\n<p>[\/et_pb_text][\/et_pb_column][et_pb_column type=&#8220;1_6&#8243; _builder_version=&#8220;4.27.0&#8243; _module_preset=&#8220;default&#8220; global_colors_info=&#8220;{}&#8220;][et_pb_text _builder_version=&#8220;4.27.0&#8243; _module_preset=&#8220;default&#8220; text_font_size=&#8220;16px&#8220; text_line_height=&#8220;1.8em&#8220; global_colors_info=&#8220;{}&#8220;]<\/p>\n<p><strong>Wien<\/strong><br \/>ENRAIL GmbH<br \/>Dorotheergasse 24\/8<br \/>1010 Wien<\/p>\n<p>[\/et_pb_text][\/et_pb_column][et_pb_column type=&#8220;1_6&#8243; _builder_version=&#8220;4.27.0&#8243; _module_preset=&#8220;default&#8220; global_colors_info=&#8220;{}&#8220;][et_pb_text _builder_version=&#8220;4.27.0&#8243; _module_preset=&#8220;default&#8220; text_font_size=&#8220;16px&#8220; text_line_height=&#8220;1.8em&#8220; global_colors_info=&#8220;{}&#8220;]<\/p>\n<p><strong>L\u00fcneburg<\/strong><br \/>ENRAIL DE GmbH<br \/>Marie-Curie-Stra\u00dfe 1 <br \/>21337 L\u00fcneburg<\/p>\n<p>[\/et_pb_text][\/et_pb_column][et_pb_column type=&#8220;1_6&#8243; _builder_version=&#8220;4.27.0&#8243; _module_preset=&#8220;default&#8220; global_colors_info=&#8220;{}&#8220;][et_pb_text _builder_version=&#8220;4.27.0&#8243; _module_preset=&#8220;default&#8220; text_font_size=&#8220;16px&#8220; text_line_height=&#8220;1.8em&#8220; global_colors_info=&#8220;{}&#8220;]<\/p>\n<p><strong>Hamburg<\/strong><br \/>GSI ENRAIL GmbH<br \/>Am Sandtorkai 62 <br \/>20457 Hamburg<\/p>\n<p>[\/et_pb_text][\/et_pb_column][\/et_pb_row][et_pb_row _builder_version=&#8220;4.27.0&#8243; _module_preset=&#8220;default&#8220; max_width=&#8220;1440px&#8220; custom_margin=&#8220;||||false|false&#8220; custom_padding=&#8220;||0px||false|false&#8220; global_colors_info=&#8220;{}&#8220;][et_pb_column type=&#8220;4_4&#8243; _builder_version=&#8220;4.27.0&#8243; _module_preset=&#8220;default&#8220; global_colors_info=&#8220;{}&#8220;][et_pb_text _builder_version=&#8220;4.27.0&#8243; _module_preset=&#8220;default&#8220; text_font_size=&#8220;16px&#8220; global_colors_info=&#8220;{}&#8220;]<\/p>\n<p>\u00a9 2025 ENRAIL | <a href=\"https:\/\/www.enrail.eu\/impressum\/\">Impressum<\/a> | <a href=\"https:\/\/www.enrail.eu\/datenschutz\/\">Datenschutz<\/a><\/p>\n<p>[\/et_pb_text][\/et_pb_column][\/et_pb_row][\/et_pb_section]<\/p>\n","protected":false},"excerpt":{"rendered":"<p>Impressum ENRAIL GmbH UID Nummer:ATU66297937 Firmenbuchnummer: FN 359697 t Firmenbuchgericht: Handelsgericht Wien Firmenhauptsitz: Dorotheergasse 24\/8, 1010 Wien Kontakt: office@enrail.eu &nbsp; Mitglied der Wirtschaftskammer \u00d6sterreich (WKO: www.wko.at) Gewerbeordnung: www.ris.bka.gv.at Gewerbebeh\u00f6rde: Magistratische Bezirks\u00e4mter, Wien Folgen Sie Uns OnlineENRAIL auf LinkedInPASSION FOR ENERGYKontaktieren Sie Unsoffice@enrail.euLinkedInWienENRAIL GmbHDorotheergasse 24\/81010 WienL\u00fcneburgENRAIL DE GmbHMarie-Curie-Stra\u00dfe 1 21337 L\u00fcneburgHamburgGSI ENRAIL GmbHAm Sandtorkai 62 20457 [&hellip;]<\/p>\n","protected":false},"author":1,"featured_media":0,"parent":0,"menu_order":0,"comment_status":"closed","ping_status":"closed","template":"","meta":{"_et_pb_use_builder":"on","_et_pb_old_content":"","_et_gb_content_width":"","footnotes":""},"class_list":["post-446","page","type-page","status-publish","hentry"],"yoast_head":"<!-- This site is optimized with the Yoast SEO plugin v27.2 - https:\/\/yoast.com\/product\/yoast-seo-wordpress\/ -->\n<title>Impressum - ENRAIL<\/title>\n<meta name=\"robots\" content=\"index, follow, max-snippet:-1, max-image-preview:large, max-video-preview:-1\" \/>\n<link rel=\"canonical\" href=\"https:\/\/www.enrail.eu\/en\/impressum\/\" \/>\n<meta property=\"og:locale\" content=\"en_GB\" \/>\n<meta property=\"og:type\" content=\"article\" \/>\n<meta property=\"og:title\" content=\"Impressum - ENRAIL\" \/>\n<meta property=\"og:description\" content=\"Impressum ENRAIL GmbH UID Nummer:ATU66297937 Firmenbuchnummer: FN 359697 t Firmenbuchgericht: Handelsgericht Wien Firmenhauptsitz: Dorotheergasse 24\/8, 1010 Wien Kontakt: office@enrail.eu &nbsp; Mitglied der Wirtschaftskammer \u00d6sterreich (WKO: www.wko.at) Gewerbeordnung: www.ris.bka.gv.at Gewerbebeh\u00f6rde: Magistratische Bezirks\u00e4mter, Wien Folgen Sie Uns OnlineENRAIL auf LinkedInPASSION FOR ENERGYKontaktieren Sie Unsoffice@enrail.euLinkedInWienENRAIL GmbHDorotheergasse 24\/81010 WienL\u00fcneburgENRAIL DE GmbHMarie-Curie-Stra\u00dfe 1 21337 L\u00fcneburgHamburgGSI ENRAIL GmbHAm Sandtorkai 62 20457 [&hellip;]\" \/>\n<meta property=\"og:url\" content=\"https:\/\/www.enrail.eu\/en\/impressum\/\" \/>\n<meta property=\"og:site_name\" content=\"ENRAIL\" \/>\n<meta property=\"article:modified_time\" content=\"2025-01-27T09:15:05+00:00\" \/>\n<meta name=\"twitter:card\" content=\"summary_large_image\" \/>\n<meta name=\"twitter:label1\" content=\"Estimated reading time\" \/>\n\t<meta name=\"twitter:data1\" content=\"4 minutes\" \/>\n<script type=\"application\/ld+json\" class=\"yoast-schema-graph\">{\"@context\":\"https:\/\/schema.org\",\"@graph\":[{\"@type\":\"WebPage\",\"@id\":\"https:\/\/www.enrail.eu\/impressum\/\",\"url\":\"https:\/\/www.enrail.eu\/impressum\/\",\"name\":\"Impressum - ENRAIL\",\"isPartOf\":{\"@id\":\"https:\/\/www.enrail.eu\/#website\"},\"datePublished\":\"2024-12-05T09:15:30+00:00\",\"dateModified\":\"2025-01-27T09:15:05+00:00\",\"breadcrumb\":{\"@id\":\"https:\/\/www.enrail.eu\/impressum\/#breadcrumb\"},\"inLanguage\":\"en-GB\",\"potentialAction\":[{\"@type\":\"ReadAction\",\"target\":[\"https:\/\/www.enrail.eu\/impressum\/\"]}]},{\"@type\":\"BreadcrumbList\",\"@id\":\"https:\/\/www.enrail.eu\/impressum\/#breadcrumb\",\"itemListElement\":[{\"@type\":\"ListItem\",\"position\":1,\"name\":\"Home\",\"item\":\"https:\/\/www.enrail.eu\/\"},{\"@type\":\"ListItem\",\"position\":2,\"name\":\"Impressum\"}]},{\"@type\":\"WebSite\",\"@id\":\"https:\/\/www.enrail.eu\/#website\",\"url\":\"https:\/\/www.enrail.eu\/\",\"name\":\"ENRAIL\",\"description\":\"Passion for Energy\",\"potentialAction\":[{\"@type\":\"SearchAction\",\"target\":{\"@type\":\"EntryPoint\",\"urlTemplate\":\"https:\/\/www.enrail.eu\/?s={search_term_string}\"},\"query-input\":{\"@type\":\"PropertyValueSpecification\",\"valueRequired\":true,\"valueName\":\"search_term_string\"}}],\"inLanguage\":\"en-GB\"}]}<\/script>\n<!-- \/ Yoast SEO plugin. -->","yoast_head_json":{"title":"Impressum - ENRAIL","robots":{"index":"index","follow":"follow","max-snippet":"max-snippet:-1","max-image-preview":"max-image-preview:large","max-video-preview":"max-video-preview:-1"},"canonical":"https:\/\/www.enrail.eu\/en\/impressum\/","og_locale":"en_GB","og_type":"article","og_title":"Impressum - ENRAIL","og_description":"Impressum ENRAIL GmbH UID Nummer:ATU66297937 Firmenbuchnummer: FN 359697 t Firmenbuchgericht: Handelsgericht Wien Firmenhauptsitz: Dorotheergasse 24\/8, 1010 Wien Kontakt: office@enrail.eu &nbsp; Mitglied der Wirtschaftskammer \u00d6sterreich (WKO: www.wko.at) Gewerbeordnung: www.ris.bka.gv.at Gewerbebeh\u00f6rde: Magistratische Bezirks\u00e4mter, Wien Folgen Sie Uns OnlineENRAIL auf LinkedInPASSION FOR ENERGYKontaktieren Sie Unsoffice@enrail.euLinkedInWienENRAIL GmbHDorotheergasse 24\/81010 WienL\u00fcneburgENRAIL DE GmbHMarie-Curie-Stra\u00dfe 1 21337 L\u00fcneburgHamburgGSI ENRAIL GmbHAm Sandtorkai 62 20457 [&hellip;]","og_url":"https:\/\/www.enrail.eu\/en\/impressum\/","og_site_name":"ENRAIL","article_modified_time":"2025-01-27T09:15:05+00:00","twitter_card":"summary_large_image","twitter_misc":{"Estimated reading time":"4 minutes"},"schema":{"@context":"https:\/\/schema.org","@graph":[{"@type":"WebPage","@id":"https:\/\/www.enrail.eu\/impressum\/","url":"https:\/\/www.enrail.eu\/impressum\/","name":"Impressum - ENRAIL","isPartOf":{"@id":"https:\/\/www.enrail.eu\/#website"},"datePublished":"2024-12-05T09:15:30+00:00","dateModified":"2025-01-27T09:15:05+00:00","breadcrumb":{"@id":"https:\/\/www.enrail.eu\/impressum\/#breadcrumb"},"inLanguage":"en-GB","potentialAction":[{"@type":"ReadAction","target":["https:\/\/www.enrail.eu\/impressum\/"]}]},{"@type":"BreadcrumbList","@id":"https:\/\/www.enrail.eu\/impressum\/#breadcrumb","itemListElement":[{"@type":"ListItem","position":1,"name":"Home","item":"https:\/\/www.enrail.eu\/"},{"@type":"ListItem","position":2,"name":"Impressum"}]},{"@type":"WebSite","@id":"https:\/\/www.enrail.eu\/#website","url":"https:\/\/www.enrail.eu\/","name":"ENRAIL","description":"Passion for Energy","potentialAction":[{"@type":"SearchAction","target":{"@type":"EntryPoint","urlTemplate":"https:\/\/www.enrail.eu\/?s={search_term_string}"},"query-input":{"@type":"PropertyValueSpecification","valueRequired":true,"valueName":"search_term_string"}}],"inLanguage":"en-GB"}]}},"_links":{"self":[{"href":"https:\/\/www.enrail.eu\/en\/wp-json\/wp\/v2\/pages\/446","targetHints":{"allow":["GET"]}}],"collection":[{"href":"https:\/\/www.enrail.eu\/en\/wp-json\/wp\/v2\/pages"}],"about":[{"href":"https:\/\/www.enrail.eu\/en\/wp-json\/wp\/v2\/types\/page"}],"author":[{"embeddable":true,"href":"https:\/\/www.enrail.eu\/en\/wp-json\/wp\/v2\/users\/1"}],"replies":[{"embeddable":true,"href":"https:\/\/www.enrail.eu\/en\/wp-json\/wp\/v2\/comments?post=446"}],"version-history":[{"count":7,"href":"https:\/\/www.enrail.eu\/en\/wp-json\/wp\/v2\/pages\/446\/revisions"}],"predecessor-version":[{"id":1017,"href":"https:\/\/www.enrail.eu\/en\/wp-json\/wp\/v2\/pages\/446\/revisions\/1017"}],"wp:attachment":[{"href":"https:\/\/www.enrail.eu\/en\/wp-json\/wp\/v2\/media?parent=446"}],"curies":[{"name":"wp","href":"https:\/\/api.w.org\/{rel}","templated":true}]}}