{"id":454,"date":"2024-12-05T09:18:20","date_gmt":"2024-12-05T09:18:20","guid":{"rendered":"https:\/\/www.enrail.de\/?page_id=454"},"modified":"2024-12-05T09:19:42","modified_gmt":"2024-12-05T09:19:42","slug":"datenschutz","status":"publish","type":"page","link":"https:\/\/www.enrail.eu\/en\/datenschutz\/","title":{"rendered":"Datenschutz"},"content":{"rendered":"<p>[et_pb_section fb_built=&#8220;1&#8243; _builder_version=&#8220;4.27.0&#8243; _module_preset=&#8220;default&#8220; custom_padding=&#8220;140px||||false|false&#8220; animation_style=&#8220;slide&#8220; animation_direction=&#8220;right&#8220; animation_intensity_slide=&#8220;3%&#8220; global_colors_info=&#8220;{}&#8220;][et_pb_row use_custom_gutter=&#8220;on&#8220; gutter_width=&#8220;2&#8243; _builder_version=&#8220;4.27.0&#8243; _module_preset=&#8220;default&#8220; width=&#8220;85%&#8220; max_width=&#8220;1440px&#8220; animation_direction=&#8220;right&#8220; global_colors_info=&#8220;{}&#8220;][et_pb_column type=&#8220;4_4&#8243; _builder_version=&#8220;4.27.0&#8243; _module_preset=&#8220;default&#8220; global_colors_info=&#8220;{}&#8220;][et_pb_text _builder_version=&#8220;4.27.0&#8243; _module_preset=&#8220;default&#8220; header_font=&#8220;Inter||||||||&#8220; header_font_size=&#8220;65px&#8220; header_3_text_color=&#8220;#3D7652&#8243; header_3_line_height=&#8220;1.4em&#8220; global_colors_info=&#8220;{}&#8220;]<\/p>\n<h1>Datenschutzerkl\u00e4rung<\/h1>\n<p>[\/et_pb_text][\/et_pb_column][\/et_pb_row][et_pb_row use_custom_gutter=&#8220;on&#8220; gutter_width=&#8220;2&#8243; _builder_version=&#8220;4.27.0&#8243; _module_preset=&#8220;default&#8220; width=&#8220;85%&#8220; max_width=&#8220;1440px&#8220; animation_direction=&#8220;right&#8220; global_colors_info=&#8220;{}&#8220;][et_pb_column type=&#8220;4_4&#8243; _builder_version=&#8220;4.27.0&#8243; _module_preset=&#8220;default&#8220; global_colors_info=&#8220;{}&#8220;][et_pb_text _builder_version=&#8220;4.27.0&#8243; _module_preset=&#8220;default&#8220; text_font=&#8220;|300|||||||&#8220; text_text_color=&#8220;#000000&#8243; ul_line_height=&#8220;1.5em&#8220; width=&#8220;80%&#8220; global_colors_info=&#8220;{}&#8220;]<\/p>\n<div class=\"impressum-text\">\n<div class=\"datenschutz-text\">\n<h2>Der Schutz Ihrer Daten<\/h2>\n<p>Der Schutz Ihrer pers\u00f6nlichen Daten hat f\u00fcr uns bei der ENRAIL GmbH einen hohen Stellenwert. Wir verarbeiten Ihre Daten ausschlie\u00dflich in \u00dcbereinstimmung mit den gesetzlichen Bestimmungen und Datenschutzvorschriften (EU GDPR) und dem \u00f6sterreichischen Datenschutzgesetz (Telekommunikationsgesetz 2003). In dieser Datenschutzerkl\u00e4rung informieren wir Sie \u00fcber die wichtigsten Aspekte der Datenverarbeitung innerhalb unserer Website.<\/p>\n<p>F\u00fcr die Nutzung dieser Website ist es in der Regel nicht erforderlich, personenbezogene Daten preiszugeben. Soweit auf unseren Seiten personenbezogene Daten (beispielsweise Name oder E-Mail-Adressen) erhoben werden, erfolgt dies, soweit m\u00f6glich, stets auf freiwilliger Basis. Diese Daten werden ohne Ihre ausdr\u00fcckliche Zustimmung nicht an Dritte weitergegeben, au\u00dfer in den in dieser Datenschutzerkl\u00e4rung beschriebenen F\u00e4llen und im Falle zwingender nationaler Rechtsvorschriften.<\/p>\n<p>Wir weisen darauf hin, dass die Daten\u00fcbertragung im Internet (z.B. bei der Kommunikation per E-Mail) Sicherheitsl\u00fccken aufweisen kann. Ein l\u00fcckenloser Schutz der Daten vor dem Zugriff durch Dritte ist nicht m\u00f6glich.<\/p>\n<h2>Kontaktaufnahme per E-Mail<\/h2>\n<p>Wenn Sie per E-Mail Kontakt mit uns aufnehmen, werden Ihre angegebenen Daten zwecks Bearbeitung der Anfrage und f\u00fcr den Fall von Anschlussfragen sowie f\u00fcr den Fall, dass Anschlussfragen entstehen, so lange gespeichert, wie es n\u00f6tig ist. Wir geben diese Daten nicht ohne Ihre Zustimmung weiter.<\/p>\n<p>Eine Weitergabe an Dritte erfolgt grunds\u00e4tzlich nicht ohne Ihre Zustimmung, es sei denn, geltende Datenschutzbestimmungen rechtfertigen eine \u00dcbermittlung oder wir sind gesetzlich dazu verpflichtet. Sie k\u00f6nnen Ihre Einwilligung jederzeit mit Wirkung f\u00fcr die Zukunft widerrufen.<\/p>\n<p>Im Falle des Widerrufs werden Ihre Daten unverz\u00fcglich gel\u00f6scht. Sie haben jederzeit die M\u00f6glichkeit, sich \u00fcber die \u00fcber Sie gespeicherten Daten zu informieren.<\/p>\n<h2>Cookies<\/h2>\n<p>Unsere Website verwendet so genannte Cookies. Dabei handelt es sich um kleine Textdateien, die mit Hilfe des Browsers auf Ihrem Ger\u00e4t gespeichert werden. Sie richten keinen Schaden an und enthalten keine Viren.<\/p>\n<p>Wir nutzen Cookies, um unser Angebot nutzerfreundlicher, effektiver und sicherer zu machen. Die meisten der von uns verwendeten Cookies sind sogenannte \u201eSession-Cookies\u201c. Sie werden nach Ende Ihres Besuchs automatisch gel\u00f6scht. Andere Cookies bleiben auf Ihrem Endger\u00e4t gespeichert, bis Sie diese l\u00f6schen. Diese Cookies erm\u00f6glichen es uns, Ihren Browser bei Ihrem n\u00e4chsten Besuch wiederzuerkennen.<\/p>\n<p>Wenn Sie dies nicht w\u00fcnschen, k\u00f6nnen Sie Ihren Browser so einstellen, dass Sie \u00fcber das Setzen von Cookies informiert werden und diese nur im Einzelfall erlauben, die Annahme von Cookies f\u00fcr bestimmte F\u00e4lle oder generell ausschlie\u00dfen sowie das automatische L\u00f6schen der Cookies beim Schlie\u00dfen des Browser aktivieren. Bei der Deaktivierung von Cookies kann die Funktionalit\u00e4t unserer Website eingeschr\u00e4nkt sein.<\/p>\n<h2>Verwendung von Google Analytics<\/h2>\n<p>Diese Website benutzt Google Analytics, einen Webanalysedienst der Google Inc. mit Sitz in 1600 Amphitheater Parkway Mountain View, CA 94043, USA. Zu diesem Zweck werden sogenannte Cookies verwendet. Das sind Textdateien, die auf Ihrem Computer gespeichert werden und die eine Analyse der Benutzung dieser Website durch Sie erm\u00f6glichen. Die so erzeugten Informationen werden in der Regel an einen Server von Google in den USA \u00fcbertragen und dort gespeichert.<\/p>\n<p>Im Falle der Aktivierung der IP-Anonymisierung auf dieser Webseite, wird Ihre IP-Adresse von Google jedoch innerhalb von Mitgliedstaaten der Europ\u00e4ischen Union oder in anderen Vertragsstaaten des Abkommens \u00fcber den Europ\u00e4ischen Wirtschaftsraum zuvor gek\u00fcrzt. Nur in Ausnahmef\u00e4llen wird die volle IP-Adresse an einen Server von Google in den USA \u00fcbertragen und dort gek\u00fcrzt. Google wird diese Informationen im Auftrag des Betreibers dieser Website benutzen, um Ihre Nutzung der Website auszuwerten, um Reports \u00fcber die Websiteaktivit\u00e4ten zusammenzustellen und um weitere mit der Websitenutzung und der Internetnutzung verbundene Dienstleistungen gegen\u00fcber dem Websitebetreiber zu erbringen. Auch wird Google diese Informationen gegebenenfalls an Dritte \u00fcbertragen, sofern dies gesetzlich vorgeschrieben oder soweit Dritte diese Daten im Auftrag von Google verarbeiten. Die von Ihrem Browser \u00fcbermittelte und an Google Analytics weitergegebene IP-Adresse wird nicht mit anderen von Google gespeicherten Daten zusammengef\u00fchrt.<\/p>\n<p>Sie k\u00f6nnen die Verwendung von Cookies ablehnen, indem Sie die entsprechenden Einstellungen in Ihrem Browser vornehmen. Bitte beachten Sie jedoch, dass Sie in diesem Fall m\u00f6glicherweise nicht alle Funktionen unserer Website nutzen k\u00f6nnen. Durch die Nutzung dieser Website erkl\u00e4ren Sie sich mit der Bearbeitung der \u00fcber Sie erhobenen Daten durch Google in der zuvor beschriebenen Art und Weise und zu dem zuvor benannten Zweck einverstanden.<\/p>\n<h2>Browser Add-on<\/h2>\n<p>Sie k\u00f6nnen dar\u00fcber hinaus die Erfassung der durch das Cookie erzeugten und auf Ihre Nutzung der Website bezogenen Daten (inkl. Ihrer IP-Adresse) an Google sowie die Verarbeitung dieser Daten durch Google verhindern, indem sie das unter dem folgenden Link verf\u00fcgbare Browser-Add-on herunterladen und installieren: https:\/\/tools.google.com\/dlpage\/gaoptout?hl=en. Weitere Informationen zum Umgang mit Nutzerdaten bei Google Analytics finden Sie in den Datenschutzbestimmungen von Google: https:\/\/support.google.com\/analytics\/answer\/6004245?hl=en<\/p>\n<h2>Inhalte von Dritten<\/h2>\n<p>Dar\u00fcber hinaus kann diese Website Links zu externen Websites enthalten, die nicht von der ENRAIL GmbH betrieben werden, wie z.B. soziale Netzwerke wie LinkedIn und Twitter. Die ENRAIL GmbH hat keinen Einfluss auf die Datenerhebung durch die Betreiber dieser sozialen Netzwerke. Informationen zur Datenerhebung und -verarbeitung finden Sie in den jeweiligen Datenschutzerkl\u00e4rungen auf deren Websites.<\/p>\n<p>Externe Websites k\u00f6nnen auch auf diese Website verweisen. Die ENRAIL GmbH ist f\u00fcr den Inhalt solcher externen Websites nicht verantwortlich und lehnt jegliche Haftung ab.<\/p>\n<h2>SSL-Verschl\u00fcsselung<\/h2>\n<p>Diese Website verwendet aus Sicherheitsgr\u00fcnden und zum Schutz der \u00dcbertragung sensibler Inhalte, wie z.B. der Anfragen, die Sie an uns senden, eine SSL-Verschl\u00fcsselung. Eine verschl\u00fcsselte Verbindung erkennen Sie daran, dass die Adresszeile Ihres Browsers von \u201ehttp:\/\/\u201c auf \u201ehttps:\/\/\u201c wechselt und an dem Schloss-Symbol in Ihrer Browserleiste. Wenn die SSL-Verschl\u00fcsselung aktiviert ist, k\u00f6nnen die Daten, die Sie an uns \u00fcbermitteln, nicht von Dritten gelesen werden.<\/p>\n<h2>Ihre Rechte<\/h2>\n<p>Sie haben grunds\u00e4tzlich die Rechte auf Auskunft, Berichtigung, L\u00f6schung, Einschr\u00e4nkung, Daten\u00fcbertragbarkeit, Widerruf und Widerspruch. Sie k\u00f6nnen auch jederzeit schriftlich Ihrer Einwilligung in die Verwendung personenbezogener Daten widersprechen. Bitte beachten Sie, dass wir Auskunft \u00fcber personenbezogene Daten nur bei entsprechendem Nachweis Ihrer Identit\u00e4t erteilen k\u00f6nnen. Sollte eine L\u00f6schung aus rechtlichen Gr\u00fcnden oder zu einem sp\u00e4teren Zeitpunkt aus wirtschaftlichen Gr\u00fcnden nicht m\u00f6glich sein, werden die entsprechenden Daten stattdessen gesperrt. Bei ungekl\u00e4rten Sachverhalten haben Sie auch das Recht, sich bei der \u00f6sterreichischen Datenschutzbeh\u00f6rde zu beschweren. F\u00fcr weitere Informationen zu personenbezogenen Daten k\u00f6nnen Sie sich jederzeit an die oben angef\u00fchrte Adresse wenden.<\/p>\n<\/div>\n<\/div>\n<p>[\/et_pb_text][\/et_pb_column][\/et_pb_row][\/et_pb_section][et_pb_section fb_built=&#8220;1&#8243; _builder_version=&#8220;4.27.0&#8243; _module_preset=&#8220;default&#8220; background_color=&#8220;#3D7652&#8243; custom_padding=&#8220;80px||80px||false|false&#8220; global_colors_info=&#8220;{}&#8220;][et_pb_row column_structure=&#8220;1_2,1_2&#8243; use_custom_gutter=&#8220;on&#8220; gutter_width=&#8220;2&#8243; _builder_version=&#8220;4.27.0&#8243; _module_preset=&#8220;default&#8220; max_width=&#8220;1440px&#8220; global_colors_info=&#8220;{}&#8220;][et_pb_column type=&#8220;1_2&#8243; _builder_version=&#8220;4.27.0&#8243; _module_preset=&#8220;default&#8220; global_colors_info=&#8220;{}&#8220;][et_pb_text _builder_version=&#8220;4.27.0&#8243; _module_preset=&#8220;default&#8220; background_layout=&#8220;dark&#8220; global_colors_info=&#8220;{}&#8220;]<\/p>\n<p><strong>Folgen Sie Uns Online<\/strong><\/p>\n<p>[\/et_pb_text][\/et_pb_column][et_pb_column type=&#8220;1_2&#8243; _builder_version=&#8220;4.27.0&#8243; _module_preset=&#8220;default&#8220; global_colors_info=&#8220;{}&#8220;][et_pb_text _builder_version=&#8220;4.27.0&#8243; _module_preset=&#8220;default&#8220; background_layout=&#8220;dark&#8220; global_colors_info=&#8220;{}&#8220;]<\/p>\n<p><span style=\"text-decoration: underline;\"><span style=\"color: #ffffff; text-decoration: underline;\"><a href=\"https:\/\/www.linkedin.com\/company\/enrail\/\" target=\"_blank\" rel=\"noopener\" style=\"color: #ffffff; text-decoration: underline;\">ENRAIL auf LinkedIn<\/a><\/span><\/span><\/p>\n<p>[\/et_pb_text][\/et_pb_column][\/et_pb_row][\/et_pb_section][et_pb_section fb_built=&#8220;1&#8243; _builder_version=&#8220;4.27.0&#8243; _module_preset=&#8220;default&#8220; custom_padding=&#8220;||10px||false|false&#8220; global_module=&#8220;451&#8243; saved_tabs=&#8220;all&#8220; global_colors_info=&#8220;{}&#8220;][et_pb_row column_structure=&#8220;1_2,1_2&#8243; use_custom_gutter=&#8220;on&#8220; gutter_width=&#8220;2&#8243; _builder_version=&#8220;4.27.0&#8243; _module_preset=&#8220;default&#8220; max_width=&#8220;1440px&#8220; global_colors_info=&#8220;{}&#8220;][et_pb_column type=&#8220;1_2&#8243; _builder_version=&#8220;4.27.0&#8243; _module_preset=&#8220;default&#8220; global_colors_info=&#8220;{}&#8220;][et_pb_image src=&#8220;https:\/\/www.enrail.de\/wp-content\/uploads\/2024\/09\/Enrail-Logo-ohne-Schriftzug-small.png&#8220; title_text=&#8220;Enrail-Logo-ohne-Schriftzug-small&#8220; _builder_version=&#8220;4.27.0&#8243; _module_preset=&#8220;default&#8220; max_width=&#8220;150px&#8220; global_colors_info=&#8220;{}&#8220;][\/et_pb_image][\/et_pb_column][et_pb_column type=&#8220;1_2&#8243; _builder_version=&#8220;4.27.0&#8243; _module_preset=&#8220;default&#8220; global_colors_info=&#8220;{}&#8220;][et_pb_text _builder_version=&#8220;4.27.0&#8243; _module_preset=&#8220;default&#8220; text_font=&#8220;Oswald||||||||&#8220; global_colors_info=&#8220;{}&#8220;]<\/p>\n<p>PASSION FOR ENERGY<\/p>\n<p>[\/et_pb_text][\/et_pb_column][\/et_pb_row][et_pb_row column_structure=&#8220;1_2,1_6,1_6,1_6&#8243; use_custom_gutter=&#8220;on&#8220; gutter_width=&#8220;2&#8243; _builder_version=&#8220;4.27.0&#8243; _module_preset=&#8220;default&#8220; max_width=&#8220;1440px&#8220; custom_padding=&#8220;||60px||false|false&#8220; global_colors_info=&#8220;{}&#8220;][et_pb_column type=&#8220;1_2&#8243; _builder_version=&#8220;4.27.0&#8243; _module_preset=&#8220;default&#8220; global_colors_info=&#8220;{}&#8220;][et_pb_text _builder_version=&#8220;4.27.0&#8243; _module_preset=&#8220;default&#8220; text_font_size=&#8220;16px&#8220; text_line_height=&#8220;1.8em&#8220; global_colors_info=&#8220;{}&#8220;]<\/p>\n<p><strong>Kontaktieren Sie Uns<\/strong><br \/><a href=\"mailto:office@enrail.eu\"><span style=\"text-decoration: underline;\">office@enrail.eu<\/span><\/a><br \/><a href=\"https:\/\/www.linkedin.com\/company\/enrail\/\" target=\"_blank\" rel=\"noopener\"><span style=\"text-decoration: underline;\">LinkedIn<\/span><\/a><\/p>\n<p>[\/et_pb_text][\/et_pb_column][et_pb_column type=&#8220;1_6&#8243; _builder_version=&#8220;4.27.0&#8243; _module_preset=&#8220;default&#8220; global_colors_info=&#8220;{}&#8220;][et_pb_text _builder_version=&#8220;4.27.0&#8243; _module_preset=&#8220;default&#8220; text_font_size=&#8220;16px&#8220; text_line_height=&#8220;1.8em&#8220; global_colors_info=&#8220;{}&#8220;]<\/p>\n<p><strong>Wien<\/strong><br \/>Dorotheergasse 24\/8<br \/>1010 Wien<br \/><span class=\"OYPEnA white-space-prewrap font-feature-liga-off font-feature-clig-off font-feature-calt-off text-decoration-none text-strikethrough-none\" style=\"color: #000000; font-weight: 400; font-style: italic; font-kerning: none;\"> <\/span><span class=\"OYPEnA font-feature-liga-off font-feature-clig-off font-feature-calt-off text-decoration-none text-strikethrough-none\" style=\"color: #000000; font-weight: 400; font-style: italic; font-kerning: none;\">+43 1 996 21 49<\/span><\/p>\n<p>[\/et_pb_text][\/et_pb_column][et_pb_column type=&#8220;1_6&#8243; _builder_version=&#8220;4.27.0&#8243; _module_preset=&#8220;default&#8220; global_colors_info=&#8220;{}&#8220;][et_pb_text _builder_version=&#8220;4.27.0&#8243; _module_preset=&#8220;default&#8220; text_font_size=&#8220;16px&#8220; text_line_height=&#8220;1.8em&#8220; global_colors_info=&#8220;{}&#8220;]<\/p>\n<p><strong>L\u00fcneburg<\/strong><br \/>Marie-Curie-Stra\u00dfe 1 21337 L\u00fcneburg<br \/><em>+49 413 199 255 90<\/em><\/p>\n<p>[\/et_pb_text][\/et_pb_column][et_pb_column type=&#8220;1_6&#8243; _builder_version=&#8220;4.27.0&#8243; _module_preset=&#8220;default&#8220; global_colors_info=&#8220;{}&#8220;][et_pb_text _builder_version=&#8220;4.27.0&#8243; _module_preset=&#8220;default&#8220; text_font_size=&#8220;16px&#8220; text_line_height=&#8220;1.8em&#8220; global_colors_info=&#8220;{}&#8220;]<\/p>\n<p><strong>Hamburg<\/strong><br \/>Am Sandtorkai 62 20457 Hamburg<br \/><span class=\"OYPEnA font-feature-liga-off font-feature-clig-off font-feature-calt-off text-decoration-none text-strikethrough-none\" style=\"color: #000000; font-weight: 400; font-style: italic; font-kerning: none;\">+49 413 199 255 90<\/span><\/p>\n<p>[\/et_pb_text][\/et_pb_column][\/et_pb_row][et_pb_row _builder_version=&#8220;4.27.0&#8243; _module_preset=&#8220;default&#8220; max_width=&#8220;1440px&#8220; custom_margin=&#8220;||||false|false&#8220; custom_padding=&#8220;||0px||false|false&#8220; global_colors_info=&#8220;{}&#8220;][et_pb_column type=&#8220;4_4&#8243; _builder_version=&#8220;4.27.0&#8243; _module_preset=&#8220;default&#8220; global_colors_info=&#8220;{}&#8220;][et_pb_text _builder_version=&#8220;4.27.0&#8243; _module_preset=&#8220;default&#8220; text_font_size=&#8220;16px&#8220; hover_enabled=&#8220;0&#8243; global_colors_info=&#8220;{}&#8220; sticky_enabled=&#8220;0&#8243;]<\/p>\n<p>\u00a9 2025 ENRAIL | <a href=\"https:\/\/www.enrail.de\/impressum\/\">Impressum<\/a> | <a href=\"https:\/\/www.enrail.de\/datenschutz\/\">Datenschutz<\/a><\/p>\n<p>[\/et_pb_text][\/et_pb_column][\/et_pb_row][\/et_pb_section]<\/p>\n","protected":false},"excerpt":{"rendered":"<p>Datenschutzerkl\u00e4rung Der Schutz Ihrer Daten Der Schutz Ihrer pers\u00f6nlichen Daten hat f\u00fcr uns bei der ENRAIL GmbH einen hohen Stellenwert. Wir verarbeiten Ihre Daten ausschlie\u00dflich in \u00dcbereinstimmung mit den gesetzlichen Bestimmungen und Datenschutzvorschriften (EU GDPR) und dem \u00f6sterreichischen Datenschutzgesetz (Telekommunikationsgesetz 2003). In dieser Datenschutzerkl\u00e4rung informieren wir Sie \u00fcber die wichtigsten Aspekte der Datenverarbeitung innerhalb unserer [&hellip;]<\/p>\n","protected":false},"author":1,"featured_media":0,"parent":0,"menu_order":0,"comment_status":"closed","ping_status":"closed","template":"","meta":{"_et_pb_use_builder":"on","_et_pb_old_content":"","_et_gb_content_width":"","footnotes":""},"class_list":["post-454","page","type-page","status-publish","hentry"],"yoast_head":"<!-- This site is optimized with the Yoast SEO plugin v27.2 - https:\/\/yoast.com\/product\/yoast-seo-wordpress\/ -->\n<title>Datenschutz - ENRAIL<\/title>\n<meta name=\"robots\" content=\"index, follow, max-snippet:-1, max-image-preview:large, max-video-preview:-1\" \/>\n<link rel=\"canonical\" href=\"https:\/\/www.enrail.eu\/en\/datenschutz\/\" \/>\n<meta property=\"og:locale\" content=\"en_GB\" \/>\n<meta property=\"og:type\" content=\"article\" \/>\n<meta property=\"og:title\" content=\"Datenschutz - ENRAIL\" \/>\n<meta property=\"og:description\" content=\"Datenschutzerkl\u00e4rung Der Schutz Ihrer Daten Der Schutz Ihrer pers\u00f6nlichen Daten hat f\u00fcr uns bei der ENRAIL GmbH einen hohen Stellenwert. Wir verarbeiten Ihre Daten ausschlie\u00dflich in \u00dcbereinstimmung mit den gesetzlichen Bestimmungen und Datenschutzvorschriften (EU GDPR) und dem \u00f6sterreichischen Datenschutzgesetz (Telekommunikationsgesetz 2003). In dieser Datenschutzerkl\u00e4rung informieren wir Sie \u00fcber die wichtigsten Aspekte der Datenverarbeitung innerhalb unserer [&hellip;]\" \/>\n<meta property=\"og:url\" content=\"https:\/\/www.enrail.eu\/en\/datenschutz\/\" \/>\n<meta property=\"og:site_name\" content=\"ENRAIL\" \/>\n<meta property=\"article:modified_time\" content=\"2024-12-05T09:19:42+00:00\" \/>\n<meta name=\"twitter:card\" content=\"summary_large_image\" \/>\n<meta name=\"twitter:label1\" content=\"Estimated reading time\" \/>\n\t<meta name=\"twitter:data1\" content=\"9 minutes\" \/>\n<script type=\"application\/ld+json\" class=\"yoast-schema-graph\">{\"@context\":\"https:\/\/schema.org\",\"@graph\":[{\"@type\":\"WebPage\",\"@id\":\"https:\/\/www.enrail.eu\/datenschutz\/\",\"url\":\"https:\/\/www.enrail.eu\/datenschutz\/\",\"name\":\"Datenschutz - ENRAIL\",\"isPartOf\":{\"@id\":\"https:\/\/www.enrail.eu\/#website\"},\"datePublished\":\"2024-12-05T09:18:20+00:00\",\"dateModified\":\"2024-12-05T09:19:42+00:00\",\"breadcrumb\":{\"@id\":\"https:\/\/www.enrail.eu\/datenschutz\/#breadcrumb\"},\"inLanguage\":\"en-GB\",\"potentialAction\":[{\"@type\":\"ReadAction\",\"target\":[\"https:\/\/www.enrail.eu\/datenschutz\/\"]}]},{\"@type\":\"BreadcrumbList\",\"@id\":\"https:\/\/www.enrail.eu\/datenschutz\/#breadcrumb\",\"itemListElement\":[{\"@type\":\"ListItem\",\"position\":1,\"name\":\"Home\",\"item\":\"https:\/\/www.enrail.eu\/\"},{\"@type\":\"ListItem\",\"position\":2,\"name\":\"Datenschutz\"}]},{\"@type\":\"WebSite\",\"@id\":\"https:\/\/www.enrail.eu\/#website\",\"url\":\"https:\/\/www.enrail.eu\/\",\"name\":\"ENRAIL\",\"description\":\"Passion for Energy\",\"potentialAction\":[{\"@type\":\"SearchAction\",\"target\":{\"@type\":\"EntryPoint\",\"urlTemplate\":\"https:\/\/www.enrail.eu\/?s={search_term_string}\"},\"query-input\":{\"@type\":\"PropertyValueSpecification\",\"valueRequired\":true,\"valueName\":\"search_term_string\"}}],\"inLanguage\":\"en-GB\"}]}<\/script>\n<!-- \/ Yoast SEO plugin. -->","yoast_head_json":{"title":"Datenschutz - ENRAIL","robots":{"index":"index","follow":"follow","max-snippet":"max-snippet:-1","max-image-preview":"max-image-preview:large","max-video-preview":"max-video-preview:-1"},"canonical":"https:\/\/www.enrail.eu\/en\/datenschutz\/","og_locale":"en_GB","og_type":"article","og_title":"Datenschutz - ENRAIL","og_description":"Datenschutzerkl\u00e4rung Der Schutz Ihrer Daten Der Schutz Ihrer pers\u00f6nlichen Daten hat f\u00fcr uns bei der ENRAIL GmbH einen hohen Stellenwert. Wir verarbeiten Ihre Daten ausschlie\u00dflich in \u00dcbereinstimmung mit den gesetzlichen Bestimmungen und Datenschutzvorschriften (EU GDPR) und dem \u00f6sterreichischen Datenschutzgesetz (Telekommunikationsgesetz 2003). In dieser Datenschutzerkl\u00e4rung informieren wir Sie \u00fcber die wichtigsten Aspekte der Datenverarbeitung innerhalb unserer [&hellip;]","og_url":"https:\/\/www.enrail.eu\/en\/datenschutz\/","og_site_name":"ENRAIL","article_modified_time":"2024-12-05T09:19:42+00:00","twitter_card":"summary_large_image","twitter_misc":{"Estimated reading time":"9 minutes"},"schema":{"@context":"https:\/\/schema.org","@graph":[{"@type":"WebPage","@id":"https:\/\/www.enrail.eu\/datenschutz\/","url":"https:\/\/www.enrail.eu\/datenschutz\/","name":"Datenschutz - ENRAIL","isPartOf":{"@id":"https:\/\/www.enrail.eu\/#website"},"datePublished":"2024-12-05T09:18:20+00:00","dateModified":"2024-12-05T09:19:42+00:00","breadcrumb":{"@id":"https:\/\/www.enrail.eu\/datenschutz\/#breadcrumb"},"inLanguage":"en-GB","potentialAction":[{"@type":"ReadAction","target":["https:\/\/www.enrail.eu\/datenschutz\/"]}]},{"@type":"BreadcrumbList","@id":"https:\/\/www.enrail.eu\/datenschutz\/#breadcrumb","itemListElement":[{"@type":"ListItem","position":1,"name":"Home","item":"https:\/\/www.enrail.eu\/"},{"@type":"ListItem","position":2,"name":"Datenschutz"}]},{"@type":"WebSite","@id":"https:\/\/www.enrail.eu\/#website","url":"https:\/\/www.enrail.eu\/","name":"ENRAIL","description":"Passion for Energy","potentialAction":[{"@type":"SearchAction","target":{"@type":"EntryPoint","urlTemplate":"https:\/\/www.enrail.eu\/?s={search_term_string}"},"query-input":{"@type":"PropertyValueSpecification","valueRequired":true,"valueName":"search_term_string"}}],"inLanguage":"en-GB"}]}},"_links":{"self":[{"href":"https:\/\/www.enrail.eu\/en\/wp-json\/wp\/v2\/pages\/454","targetHints":{"allow":["GET"]}}],"collection":[{"href":"https:\/\/www.enrail.eu\/en\/wp-json\/wp\/v2\/pages"}],"about":[{"href":"https:\/\/www.enrail.eu\/en\/wp-json\/wp\/v2\/types\/page"}],"author":[{"embeddable":true,"href":"https:\/\/www.enrail.eu\/en\/wp-json\/wp\/v2\/users\/1"}],"replies":[{"embeddable":true,"href":"https:\/\/www.enrail.eu\/en\/wp-json\/wp\/v2\/comments?post=454"}],"version-history":[{"count":4,"href":"https:\/\/www.enrail.eu\/en\/wp-json\/wp\/v2\/pages\/454\/revisions"}],"predecessor-version":[{"id":461,"href":"https:\/\/www.enrail.eu\/en\/wp-json\/wp\/v2\/pages\/454\/revisions\/461"}],"wp:attachment":[{"href":"https:\/\/www.enrail.eu\/en\/wp-json\/wp\/v2\/media?parent=454"}],"curies":[{"name":"wp","href":"https:\/\/api.w.org\/{rel}","templated":true}]}}